{"id":828,"date":"2023-04-02T17:16:18","date_gmt":"2023-04-02T17:16:18","guid":{"rendered":"http:\/\/www.ipa-wiesensteig.de\/?page_id=828"},"modified":"2023-05-25T22:48:37","modified_gmt":"2023-05-25T22:48:37","slug":"satzung","status":"publish","type":"page","link":"https:\/\/ipa-wiesensteig.de\/?page_id=828","title":{"rendered":"Satzung"},"content":{"rendered":"\n<p>der International Police Association (IPA) Deutsche Sektion e.V. Landesgruppe Baden-W\u00fcrttemberg Verbindungsstelle Wiesensteig e.V. in der Fassung vom 24.03.2023<\/p>\n\n\n\n<p><strong>Abschnitt I &#8211; Grundlagen<\/strong><\/p>\n\n\n\n<p>1 &#8211; Name, Rechtsform, Sitz und Struktur<\/p>\n\n\n\n<p>2 &#8211; Bindung an die Internationalen Statuten<\/p>\n\n\n\n<p>3 &#8211; Zweck, Ziel, Neutralit\u00e4tsgebot<\/p>\n\n\n\n<p><strong>Abschnitt II &#8211; Regelungen&nbsp;<\/strong><\/p>\n\n\n\n<p>4 &#8211; Allgemeine Grundlagen \/ Gliederung<\/p>\n\n\n\n<p>5 &#8211; Organe&nbsp;<\/p>\n\n\n\n<p>6 &#8211; Die Mitgliederversammlung<\/p>\n\n\n\n<p>7  -Vertretung<\/p>\n\n\n\n<p>8  -Zust\u00e4ndigkeit<\/p>\n\n\n\n<p>9  &#8211; Aufl\u00f6sung \/ Verschmelzung<\/p>\n\n\n\n<p><strong>Abschnitt III &#8211; Mitgliedschaft<\/strong><\/p>\n\n\n\n<p>10 &#8211; Mitgliedschaft<\/p>\n\n\n\n<p>11 &#8211; Unvereinbare Mitgliedschaften<\/p>\n\n\n\n<p>12 &#8211; Ende der Mitgliedschaft<\/p>\n\n\n\n<p>13 &#8211; Sanktionen<\/p>\n\n\n\n<p><strong>Abschnitt IV &#8211; Haushaltsangelegenheiten<\/strong><\/p>\n\n\n\n<p>14 &#8211; Mitgliedsbeitrag<\/p>\n\n\n\n<p>15 &#8211; Finanzen<\/p>\n\n\n\n<p><strong>Abschnitt V &#8211; Schlussbestimmungen<\/strong><\/p>\n\n\n\n<p>16-  Funktionsbezeichnungen<\/p>\n\n\n\n<p>17 &#8211; Datenschutz<\/p>\n\n\n\n<p>18 &#8211; \u00dcbergangsbestimmungen<\/p>\n\n\n\n<p>19 &#8211; Inkrafttreten&nbsp;<\/p>\n\n\n\n<h4 class=\"wp-block-heading\">Abschnitt I \u2013 Grundlagen<\/h4>\n\n\n\n<p><strong>Artikel 1<\/strong><strong> <\/strong><strong>&#8211;<\/strong><strong> <\/strong><strong>Name, Rechtsform, Sitz und Struktur<\/strong><\/p>\n\n\n\n<ol class=\"wp-block-list\">\n<li>Der Verein hei\u00dft<br>\u201eInternational Police Association (IPA), Verbindungsstelle Wiesensteig e.V.\u201c,<br>(nachfolgend \u201eIPA Wiesensteig\u201c)<br><\/li>\n\n\n\n<li>Sein Leitgedanke lautet \u201eServo per Amikeco\u201c (Dienen durch Freundschaft).<br><\/li>\n\n\n\n<li>Er ist ein in das Vereinsregister eingetragener Verein mit Sitz in M\u00fchlhausen\/T\u00e4le<br><\/li>\n\n\n\n<li>Sein Gesch\u00e4ftsjahr ist das Kalenderjahr.<br><\/li>\n<\/ol>\n\n\n\n<p>5. Die IPA Wiesensteig ist Zweigverein der IPA Deutsche Sektion e.V. und der Ladesgruppe Baden-W\u00fcrttemberg e.V.<br><br><\/p>\n\n\n\n<p><strong>Artikel 2 <\/strong><strong><\/strong><strong>&#8211;<\/strong><strong> <\/strong><strong>Bindung an die Internationalen Statuten<\/strong><strong><br><\/strong><\/p>\n\n\n\n<p>Die IPA Wiesensteig ist \u00fcber die IPA Deutsche Sektion e.V. Mitglied der International Police Association (IPA). Die Internationalen Statuten, insbesondere Ziel und Zweck, sind Grundlagen dieser Satzung und f\u00fcr die IPA Wiesensteig verbindlich, sofern sie nicht gesetzlichen Vorschriften widersprechen oder unzumutbare haushaltsbedingte Auswirkungen darstellen.<\/p>\n\n\n\n<p><strong>Artikel 3<\/strong><strong> <\/strong><strong>&#8211;<\/strong><strong> <\/strong><strong>Zweck, Ziel und Neutralit\u00e4tsgebot<\/strong><\/p>\n\n\n\n<ol class=\"wp-block-list\">\n<li>Die IPA Wiesensteig ist der unabh\u00e4ngige Zusammenschluss von Angeh\u00f6rigen des Polizeidienstes der Bundesrepublik Deutschland und ihrer Bundesl\u00e4nder, ohne Unterschied von Rang, Geschlecht, kultureller Herkunft, Hautfarbe, Sprache oder Religion, ob aktiv oder im Ruhestand befindlich, in der Absicht, zwischen ihnen Bande der Freundschaft und der internationalen Zusammenarbeit zu schaffen.<br><\/li>\n\n\n\n<li>Sie verpflichtet sich zur Einhaltung der Grunds\u00e4tze der weltumfassenden Erkl\u00e4rung der Menschenrechte, wie sie 1948 von den Vereinten Nationen verk\u00fcndet wurden.&nbsp; Sie will kulturelle Beziehungen, das Allgemeinwissen und den beruflichen Erfahrungsaustausch ihrer Mitglieder sowie gegenseitige Hilfeleistungen im sozialen Bereich f\u00f6rdern und im Rahmen ihrer M\u00f6glichkeiten zum friedlichen Miteinander der V\u00f6lker und zur&nbsp; Erhaltung des Weltfriedens beitragen.<br><\/li>\n\n\n\n<li>Die IPA Wiesensteig ist parteipolitisch, gewerkschaftlich sowie religi\u00f6s neutral und verfolgt ausschlie\u00dflich ideelle Zwecke<\/li>\n<\/ol>\n\n\n\n<h4 class=\"wp-block-heading\">Abschnitt II &#8211; Regelungen<\/h4>\n\n\n\n<p><strong>Artikel 4<\/strong><strong> <\/strong><strong>&#8211;<\/strong><strong> <\/strong><strong>Allgemeine Grundlagen \/ Gliederung<\/strong><\/p>\n\n\n\n<ol class=\"wp-block-list\">\n<li>Die IPA Wiesensteig ist als Zweigverein an die Beschl\u00fcsse des Bundesvorstandes und&nbsp; des Landesgruppenvorstandes gebunden.<br><\/li>\n\n\n\n<li>Die Regelwerke der IPA Deutsche Sektion e.V. sind f\u00fcr die Verbindungsstelle verbindlich. Eigene Regelwerke d\u00fcrfen denen des Hauptvereins inhaltlich nicht widersprechen.&nbsp;<\/li>\n<\/ol>\n\n\n\n<p>Die Satzung der IPA Wiesensteig bedarf zu ihrer Wirksamkeit der schriftlichen Zustimmung durch den Gesch\u00e4ftsf\u00fchrenden Bundesvorstand und zus\u00e4tzlich der schriftlichen Zustimmung der Landesgruppe.&nbsp;<\/p>\n\n\n\n<p><strong>Artikel 5<\/strong><strong> <\/strong><strong>&#8211;<\/strong><strong> <\/strong><strong>Organe<\/strong><\/p>\n\n\n\n<p>Organe des Vereins sind:<\/p>\n\n\n\n<ol class=\"wp-block-list\">\n<li>die Mitgliederversammlung<\/li>\n\n\n\n<li>der Vorstand<\/li>\n\n\n\n<li>der Gesch\u00e4ftsf\u00fchrende Vorstand<\/li>\n<\/ol>\n\n\n\n<p><strong>Artikel 6<\/strong><strong> <\/strong><strong>&#8211;<\/strong><strong> <\/strong><strong>Die Mitgliederversammlung<\/strong><\/p>\n\n\n\n<ol class=\"wp-block-list\">\n<li>Die Mitgliederversammlung ist das oberste Organ, das f\u00fcr alle Angelegenheiten zust\u00e4ndig ist, soweit die Entscheidung nicht durch Gesetz oder Satzung einem anderen Organ der IPA Deutsche Sektion e.V. zugewiesen ist.&nbsp;<\/li>\n<\/ol>\n\n\n\n<p>Die Mitgliederversammlung der IPA Wiesensteig ist j\u00e4hrlich einzuberufen. Der Ablauf ist in der Versammlungsordnung der IPA Deutsche Sektion e.V. (VODS) geregelt.<\/p>\n\n\n\n<p>1.1 Die Mitgliederversammlung ist insbesondere zust\u00e4ndig f\u00fcr<\/p>\n\n\n\n<p>    a) die Wahl des gesch\u00e4ftsf\u00fchrenden Vorstandes<br>    b) die Wahl der Rechnungspr\u00fcfer; bei der Wahl der Rechnungspr\u00fcfer ist eine <br>        einmalige unmittelbare Wiederwahl m\u00f6glich<br>    c) die Entlastung des gesch\u00e4ftsf\u00fchrenden Vorstandes<br>    d) die Verabschiedung und \u00c4nderung der eigenen Satzung<br>    e) die Wahl der Beisitzer<br>    f) die Wahl der Delegierten f\u00fcr die Mitgliederversammlung auf Landesebene<br>    g) die Aufl\u00f6sung \/ Verschmelzung der eigenen Gliederung<\/p>\n\n\n\n<p>2. Die Einladung zur Mitgliederversammlung erfolgt in Textform (schriftlich, elektronisch oder per<br>    Rundschreiben) sp\u00e4testens vier Wochen vor dem f\u00fcr die Mitgliederversammlung bestimmten Tag.<\/p>\n\n\n\n<p>    Die Einladung zur Mitgliederversammlung ist ordnungsgem\u00e4\u00df erfolgt, wenn sie am 29. Tag an die    <br>    letzten von den Einzuladenden in Textform mitgeteilten Kontaktadressen verschickt worden ist.<\/p>\n\n\n\n<p>    Der Einladung sind beizuf\u00fcgen:<br>    &#8211; die Tagesordnung<br>    &#8211; vorliegende Antr\u00e4ge<br>    N\u00e4heres hierzu regelt die Versammlungsordnung (VODS).<\/p>\n\n\n\n<p>3. Eine au\u00dferordentliche Mitgliederversammlung ist einzuberufen, wenn<br>    &#8211; der Vorstand dies beschlie\u00dft oder<br>    &#8211; mindestens 15 % der Mitglieder der Verbindungsstelle&nbsp;<\/p>\n\n\n\n<p>    dies schriftlich unter Angabe des Zwecks und der Gr\u00fcnde verlangen.<br><br>4. Satzungsbeschl\u00fcsse bed\u00fcrfen der Zustimmung von drei Vierteln der anwesenden Stimmberechtigten. <br>    Gleiches gilt f\u00fcr die Aufl\u00f6sung \/ Verschmelzung der IPA Wiesensteig.<br><br>5. Die Beschl\u00fcsse der Mitgliederversammlung sind zu protokollieren und vom Versammlungsleiter und<br>    Protokollf\u00fchrer zu unterzeichnen. Weiteres regelt die Versammlungsordnung (VODS).<\/p>\n\n\n\n<p><strong>Artikel 7<\/strong><strong> <\/strong><strong>&#8211;<\/strong><strong> <\/strong><strong>Vertretung&nbsp;<\/strong><\/p>\n\n\n\n<ol class=\"wp-block-list\">\n<li>Die IPA Wiesensteig wird gerichtlich und au\u00dfergerichtlich durch zwei Mitglieder ihres eigenen gesch\u00e4ftsf\u00fchrenden Vorstands vertreten. Im Innenverh\u00e4ltnis werden die Mitglieder des gesch\u00e4ftsf\u00fchrenden Vorstands angewiesen, dass die Vertretung grunds\u00e4tzlich durch den Leiter und ein weiteres Mitglied zu erfolgen hat. Sollte der Leiter zur Wahrnehmung der Aufgaben verhindert sein, wird er von einem Sekret\u00e4r vertreten, Die Vertretungsmacht des Vorstandes der IPA Wiesensteig ist beschr\u00e4nkt auf das eigene Vereinsverm\u00f6gen.<\/li>\n<\/ol>\n\n\n\n<ol class=\"wp-block-list\" start=\"2\">\n<li>Der Gesch\u00e4ftsf\u00fchrende Vorstand besteht aus<\/li>\n<\/ol>\n\n\n\n<p>    &#8211; dem Leiter<br>    &#8211; zwei Sekret\u00e4ren<br>    &#8211; dem Schatzmeister<\/p>\n\n\n\n<ol class=\"wp-block-list\" start=\"3\">\n<li>Der Vorstand setzt sich zusammen aus<\/li>\n<\/ol>\n\n\n\n<p>    &#8211; dem Gesch\u00e4ftsf\u00fchrenden Vorstand<br>    &#8211; den Beisitzern<br>    N\u00e4heres kann in einer Gesch\u00e4ftsordnung geregelt werden.<\/p>\n\n\n\n<p><strong>Artikel 8<\/strong><strong> <\/strong><strong>\u2013<\/strong><strong> <\/strong><strong>Zust\u00e4ndigkeiten des Vorstands<\/strong><\/p>\n\n\n\n<ol class=\"wp-block-list\">\n<li>Der Leiter beruft den Vorstand ein, sobald&nbsp; es die Lage der Gesch\u00e4fte erfordert. Ist er verhindert, erfolgt die Einladung durch einen Sekret\u00e4r.<\/li>\n<\/ol>\n\n\n\n<ol class=\"wp-block-list\" start=\"2\">\n<li>Der Vorstand ist insbesondere zust\u00e4ndig f\u00fcr<\/li>\n<\/ol>\n\n\n\n<p>    a) Nachgeordnete Regelwerke,&nbsp;<\/p>\n\n\n\n<ul class=\"wp-block-list\">\n<li>Gesch\u00e4ftsordnung<\/li>\n\n\n\n<li>Finanzordnung<\/li>\n\n\n\n<li>Datenschutzordnung<\/li>\n<\/ul>\n\n\n\n<p>    b) Beschlussfassung \u00fcber die Ernennung von Ehrenmitgliedern&nbsp;<br>    c) Berufung und Entpflichtung von Referenten<br>    d) Wahrnehmung der durch Gesch\u00e4ftsordnung und Finanzordnung \u00fcbertragenen Aufgaben<\/p>\n\n\n\n<p>    Bei Abstimmungen nach Buchstabe a) ist eine 2\/3-Mehrheit erforderlich.<\/p>\n\n\n\n<ol class=\"wp-block-list\" start=\"3\">\n<li>Scheidet ein Mitglied des Gesch\u00e4ftsf\u00fchrenden Vorstandes aus, kann die freiwerdende Stelle vom Vorstand kommissarisch besetzt werden. Die Amtszeit des kommissarischen Vorstandsmitglieds endet sp\u00e4testens mit der des gesch\u00e4ftsf\u00fchrenden Vorstands.<\/li>\n<\/ol>\n\n\n\n<ol class=\"wp-block-list\" start=\"4\">\n<li>Referenten werden vom Vorstand eingesetzt und werden beratend zu Vorstandssitzungen eingeladen, wenn das Sachgebiet dies erfordert. In ihrer Sachbearbeitung sind sie dem Gesch\u00e4ftsf\u00fchrenden Vorstand verantwortlich und an dessen Weisung gebunden.<\/li>\n<\/ol>\n\n\n\n<p><strong>Artikel 9<\/strong><strong> <\/strong><strong>&#8211;<\/strong><strong> <\/strong><strong>Aufl\u00f6sung \/ Verschmelzung<\/strong><\/p>\n\n\n\n<ol class=\"wp-block-list\">\n<li>Im Falle der Aufl\u00f6sung der IPA Wiesensteig sind der Leiter der eigenen Landesgruppe und ein Mitglied des gesch\u00e4ftsf\u00fchrenden Vorstandes die Liquidatoren. Im Falle der Liquidation wird der Verein von ihnen im Verfahren gerichtlich und au\u00dfergerichtlich gemeinsam vertreten.<br><br>Zu Liquidatoren k\u00f6nnen anstatt des Vorstands auch andere Personen bestellt werden. Hierf\u00fcr sind die f\u00fcr die Bestellung des Vorstands geltenden Vorschriften ma\u00dfgebend.<br>Das&nbsp; Verm\u00f6gen der IPA Wiesensteig f\u00e4llt der eigenen Landesgruppe zu.<\/li>\n<\/ol>\n\n\n\n<ol class=\"wp-block-list\" start=\"2\">\n<li>Eine Verschmelzung kann durch Aufnahme des Vereins in einen anderen oder durch eine gemeinsame Neugr\u00fcndung erfolgen.<br><br>Im Falle einer Aufnahme geht das Verm\u00f6gen der IPA Wiesensteig auf die aufnehmende Verbindungsstelle \u00fcber.<br>Bei einer gemeinsamen Neugr\u00fcndung wird das Verm\u00f6gen auf den neugegr\u00fcndeten Verein \u00fcbertragen.<br><br>Die Vereinsmitglieder werden Mitglied im aufnehmenden oder neugegr\u00fcndeten Verein.<br><\/li>\n<\/ol>\n\n\n\n<h4 class=\"wp-block-heading\">Abschnitt III &#8211; Mitgliedschaft<\/h4>\n\n\n\n<p><strong>Artikel 10<\/strong><strong> <\/strong><strong>&#8211;<\/strong><strong> <\/strong><strong>Mitgliedschaft<\/strong><\/p>\n\n\n\n<ol class=\"wp-block-list\">\n<li>Es gibt folgende Arten der Mitgliedschaft<\/li>\n<\/ol>\n\n\n\n<p>        a) die ordentliche Mitgliedschaft<br>        b) die Ehrenmitgliedschaft<br>        c) die au\u00dferordentliche Mitgliedschaft<br>        d) die assoziierte Mitgliedschaft<br><br>        Der Mitgliedsantrag ist schriftlich an den gesch\u00e4ftsf\u00fchrenden Vorstand der IPA Deutsche Sektion e.V.,<br>        an den gesch\u00e4ftsf\u00fchrenden Vorstand der Landesgruppe Baden-W\u00fcrttemberg e.V. oder an den<br>        gesch\u00e4ftsf\u00fchrenden Vorstand der IPA Wiesensteig zu stellen. Ordentliche Mitglieder k\u00f6nnen nur<br>        Bedienstete und Ruhest\u00e4ndler werden, die im aktiven Dienst ausschlie\u00dflich solcher Beh\u00f6rden und<br>        Einrichtungen stehen oder standen, die polizeiliche Aufgaben erf\u00fcllen.<\/p>\n\n\n\n<ol class=\"wp-block-list\" start=\"2\">\n<li>\u00dcber die Aufnahme aller Mitglieder entscheidet der Gesch\u00e4ftsf\u00fchrende Verbindungsstellenvorstand, er handelt hierbei auch im Auftrag der Landesgruppe und der IPA-Deutsche Sektion e.V. Die Aufnahme kann ohne Begr\u00fcndung abgelehnt werden. Gegen die Ablehnung ist Beschwerde beim Gesch\u00e4ftsf\u00fchrenden Landesgruppenvorstand zul\u00e4ssig, der endg\u00fcltig entscheidet.<\/li>\n<\/ol>\n\n\n\n<ol class=\"wp-block-list\" start=\"3\">\n<li>Die Ehrenmitgliedschaft kann an Mitglieder verliehen werden, die sich um den Verein besondere Verdienste erworben haben.<br>N\u00e4heres regelt die Gesch\u00e4ftsordnung der IPA Deutsche Sektion e.V. (GODS).<br><\/li>\n\n\n\n<li>Au\u00dferordentliche Mitglieder k\u00f6nnen nur Witwen, Witwer oder hinterbliebene Lebensgef\u00e4hrten ordentlicher Mitglieder und Ehrenmitglieder werden, die einen engen Bezug zum Vereinsleben gepflegt haben.<\/li>\n<\/ol>\n\n\n\n<p>        Au\u00dferordentliche Mitglieder haben kein passives Wahlrecht. N\u00e4heres regelt die GODS.<\/p>\n\n\n\n<ol class=\"wp-block-list\" start=\"5\">\n<li>Assoziierte Mitglieder k\u00f6nnen nur ausl\u00e4ndische Polizeibedienstete sein, wenn und solange in ihrem Heimatland keine nationale Sektion besteht.<br>Die assoziierte Mitgliedschaft in der IPA Wiesensteig ist grunds\u00e4tzlich auf f\u00fcnf Jahre begrenzt. Assoziierte Mitglieder haben kein aktives oder passives Wahlrecht. N\u00e4heres regelt die GODS.<br><\/li>\n\n\n\n<li>Alle Mitglieder geh\u00f6ren gleichzeitig der IPA Wiesensteig, der zust\u00e4ndigen Landesgruppe und der IPA Deutsche Sektion e.V. an.<\/li>\n<\/ol>\n\n\n\n<p><strong>Artikel 11<\/strong><strong> <\/strong><strong>&#8211;<\/strong><strong> <\/strong><strong>Unvereinbare Mitgliedschaften<\/strong><\/p>\n\n\n\n<p>Die Mitgliedschaft in der IPA Wiesensteig und die gleichzeitige Mitgliedschaft in einer radikalen oder extremistischen Vereinigung oder Partei sind unvereinbar.<\/p>\n\n\n\n<p><strong>Artikel 12<\/strong><strong> <\/strong><strong>&#8211;<\/strong><strong> <\/strong><strong>Ende der Mitgliedschaft<\/strong><\/p>\n\n\n\n<p>Die Mitgliedschaft erlischt<\/p>\n\n\n\n<p>    a) durch Tod<br>    b) durch Austritt, der jederzeit schriftlich, jedoch sp\u00e4testens sechs Wochen vor Jahresende,<br>        erkl\u00e4rt werden kann<br>    c) durch Beendigung des Dienst- oder Arbeitsverh\u00e4ltnisses mit Ausnahme des Eintritts <br>        in den Ruhestand<br>    d) durch Ausschluss<br>    e) wenn der f\u00e4llige Mitgliedsbeitrag nicht bis zum 30.06. des F\u00e4lligkeitsjahres entrichtet wurde.<\/p>\n\n\n\n<p><strong>Artikel 13<\/strong><strong> <\/strong><strong>&#8211;<\/strong><strong> <\/strong><strong>Sanktionen<\/strong><\/p>\n\n\n\n<ol class=\"wp-block-list\">\n<li>Bei internen Streitigkeiten greift das Schlichtungsverfahren.<br><\/li>\n\n\n\n<li>F\u00fcgt ein Mitglied durch sein Verhalten der IPA Deutsche Sektion e.V. oder einem ihrer Zweigvereine Schaden zu, in dem es insbesondere gegen die Satzung verst\u00f6\u00dft, Beschl\u00fcsse von satzungsgem\u00e4\u00dfen Organen missachtet oder den Vereinsfrieden st\u00f6rt, kann das Verhalten sanktioniert werden.<\/li>\n<\/ol>\n\n\n\n<ol class=\"wp-block-list\" start=\"3\">\n<li>Sanktionen sind<br>    a) Abmahnung<br>    b) Verlust des aktiven und\/oder passiven Wahlrechts bis zu f\u00fcnf Jahren<br>    c) Verlust eines Wahlamtes oder von Wahl\u00e4mtern<br>    d) Ausschluss<br><\/li>\n\n\n\n<li>\u00dcber die Sanktionen entscheidet der Bundesvorstand.<br><\/li>\n\n\n\n<li>N\u00e4heres regelt die Schiedsordnung der IPA Deutsche Sektion e.V. (SchODS).<br><\/li>\n<\/ol>\n\n\n\n<h4 class=\"wp-block-heading\">Abschnitt IV &#8211; Haushaltsangelegenheiten<\/h4>\n\n\n\n<p><strong>Artikel 14 &#8211; Mitgliedsbeitrag<\/strong><\/p>\n\n\n\n<ol class=\"wp-block-list\">\n<li>F\u00fcr die Mitgliedschaft ist ein Beitrag in Geld zu entrichten. Eine Aufnahmegeb\u00fchr wird nicht erhoben.<br><\/li>\n\n\n\n<li>Die Ehrenmitgliedschaft befreit von der Beitragspflicht auf der verleihenden und den untergeordneten Ebenen.<br><\/li>\n\n\n\n<li>Der Nationale Kongress beschlie\u00dft die H\u00f6he des Mitgliedsbeitrages und bestimmt den Anteil der Landesgruppen.<br>Die Landesdelegiertentage bestimmen den Anteil f\u00fcr die Verbindungsstellen.<br><\/li>\n\n\n\n<li>Das Abrechnungsverfahren der Mitgliedsbeitr\u00e4ge regelt die Finanzordnung der IPA Deutsche Sektion e.V. (FODS).<\/li>\n<\/ol>\n\n\n\n<p><strong>Artikel 15<\/strong><strong> <\/strong><strong>&#8211;<\/strong><strong> <\/strong><strong>Finanzen<\/strong><\/p>\n\n\n\n<p>Der Verein ist selbstlos t\u00e4tig. Er verfolgt in erster Linie keine eigenwirtschaftlichen Zwecke. Ein wirtschaftlicher Gesch\u00e4ftsbetrieb darf nur zur Erzielung von Mitteln unterhalten werden, die zur Erf\u00fcllung der satzungsgem\u00e4\u00dfen Zwecke dienen.<\/p>\n\n\n\n<p>Die Arbeit der Vorstandsmitglieder der IPA Wiesensteig ist ehrenamtlich. Der Vorstand der IPA Deutsche Sektion e.V. legt in einer Finanzordnung (FODS) die f\u00fcr alle Gliederungen verbindlichen Grunds\u00e4tze des Haushalts- und Kassenwesens fest.<\/p>\n\n\n\n<h4 class=\"wp-block-heading\">Abschnitt V &#8211; Schlussbestimmungen<\/h4>\n\n\n\n<p><strong>Artikel 16<\/strong><strong> <\/strong><strong>&#8211;<\/strong><strong> <\/strong><strong>Funktionsbezeichnungen<\/strong><\/p>\n\n\n\n<p>Frauen in Funktionen f\u00fchren die Funktionsbezeichnung in weiblicher Form.<\/p>\n\n\n\n<p><strong>Artikel 17<\/strong><strong> <\/strong><strong>&#8211;<\/strong><strong> <\/strong><strong>Datenschutz<\/strong><\/p>\n\n\n\n<p>Die IPA Wiesensteig beachtet die geltenden datenschutzrechtlichen Bestimmungen.&nbsp;<\/p>\n\n\n\n<p>N\u00e4heres regelt die Datenschutzordnung der IPA Deutsche Sektion e.V. (DODS).<\/p>\n\n\n\n<p><strong>Artikel 18<\/strong><strong> <\/strong><strong>&#8211;<\/strong><strong> <\/strong><strong>\u00dcbergangsbestimmungen<\/strong><\/p>\n\n\n\n<p>F\u00fchrt eine \u00c4nderung der Satzung der IPA Deutsche Sektion e.V. zu einem Widerspruch mit dieser Satzung, so ist die IPA Wiesensteig verpflichtet, den Widerspruch in ihrer Satzung innerhalb der jeweiligen Amtsperiode nach Inkrafttreten der Satzungs\u00e4nderung der IPA Deutsche Sektion e.V. zu beseitigen. Inbegriffen sind die Regelwerke.<\/p>\n\n\n\n<p><strong>Artikel 19<\/strong><strong> <\/strong><strong>&#8211;<\/strong><strong> <\/strong><strong>Inkrafttreten<\/strong><\/p>\n\n\n\n<p>Diese Satzung wurde von der Mitgliederversammlung am 24.03.2023 in Weilheim\/Teck einstimmig beschlossen.<br><br>Sie ist mit der Eintragung der Satzung ins Vereinsregister des Registergerichts Ulm \/ Donau am 22.05.2023 in Kraft getreten.<\/p>\n","protected":false},"excerpt":{"rendered":"<p>der International Police Association (IPA) Deutsche Sektion e.V. Landesgruppe Baden-W\u00fcrttemberg Verbindungsstelle Wiesensteig e.V. in der Fassung vom 24.03.2023 Abschnitt I &#8211; Grundlagen 1 &#8211; Name, Rechtsform, Sitz und Struktur 2 &#8211; Bindung an die Internationalen Statuten 3 &#8211; Zweck, Ziel, Neutralit\u00e4tsgebot Abschnitt II &#8211; Regelungen&nbsp; 4 &#8211; Allgemeine Grundlagen \/ Gliederung 5 &#8211; Organe&nbsp; 6 [&hellip;]<\/p>\n","protected":false},"author":1,"featured_media":0,"parent":0,"menu_order":0,"comment_status":"closed","ping_status":"closed","template":"","meta":{"footnotes":""},"class_list":["post-828","page","type-page","status-publish","hentry"],"_links":{"self":[{"href":"https:\/\/ipa-wiesensteig.de\/index.php?rest_route=\/wp\/v2\/pages\/828","targetHints":{"allow":["GET"]}}],"collection":[{"href":"https:\/\/ipa-wiesensteig.de\/index.php?rest_route=\/wp\/v2\/pages"}],"about":[{"href":"https:\/\/ipa-wiesensteig.de\/index.php?rest_route=\/wp\/v2\/types\/page"}],"author":[{"embeddable":true,"href":"https:\/\/ipa-wiesensteig.de\/index.php?rest_route=\/wp\/v2\/users\/1"}],"replies":[{"embeddable":true,"href":"https:\/\/ipa-wiesensteig.de\/index.php?rest_route=%2Fwp%2Fv2%2Fcomments&post=828"}],"version-history":[{"count":4,"href":"https:\/\/ipa-wiesensteig.de\/index.php?rest_route=\/wp\/v2\/pages\/828\/revisions"}],"predecessor-version":[{"id":1431,"href":"https:\/\/ipa-wiesensteig.de\/index.php?rest_route=\/wp\/v2\/pages\/828\/revisions\/1431"}],"wp:attachment":[{"href":"https:\/\/ipa-wiesensteig.de\/index.php?rest_route=%2Fwp%2Fv2%2Fmedia&parent=828"}],"curies":[{"name":"wp","href":"https:\/\/api.w.org\/{rel}","templated":true}]}}